{"id":51,"date":"2024-11-02T22:23:07","date_gmt":"2024-11-02T22:23:07","guid":{"rendered":"https:\/\/netcup-vouchers.com\/?page_id=51"},"modified":"2025-09-10T23:24:54","modified_gmt":"2025-09-10T23:24:54","slug":"netcup-webhosting-gutscheine","status":"publish","type":"page","link":"https:\/\/netcup.cloudcoupons.org\/de\/netcup-webhosting-gutscheine\/","title":{"rendered":"Netcup WebHosting-Gutscheine"},"content":{"rendered":"<p>Netcup gl\u00e4nzt in Sachen Webhosting mit einem umfassenden Angebot an Tarifen f\u00fcr jeden Bedarf und jedes Budget. Vom Einsteigerpaket WebHosting 2000 mit reichlich SSD-Speicher und einem gro\u00dfz\u00fcgigen PHP-Speicherlimit bis hin zum Top-Tier-Tarif WebHosting 8000 mit 1 TB Speicherplatz, 50 Datenbanken und Unterst\u00fctzung f\u00fcr fortschrittliche Technologien wie Ruby und Node.js bietet netcup au\u00dfergew\u00f6hnliche Leistung und Wert.<\/p>\n\n\n\n<p>Und um diese ohnehin schon attraktiven Pl\u00e4ne noch verlockender zu machen, bieten wir die besten Netcup Webhosting-Gutscheine an. Genie\u00dfen Sie unglaubliche Rabatte, Gratismonate und andere exklusive Angebote, die die Webhosting-L\u00f6sungen von Netcup zu einer noch \u00fcberzeugenderen Wahl machen. Ganz gleich, ob Sie ein Anf\u00e4nger sind, der seine erste Website erstellt, oder ein erfahrener Entwickler mit komplexen Anforderungen - mit unseren Netcup Webhosting-Gutscheinen k\u00f6nnen Sie das volle Potenzial der Netcup-Plattform aussch\u00f6pfen und dabei noch Geld sparen.<\/p>\n\n\n\n<p><\/p>\n\n\n\n<p>Wie \u00fcblich k\u00f6nnen Sie den Gutschein am Ende dieser Seite einl\u00f6sen:&nbsp;<a href=\"https:\/\/www.netcup.com\/en\/checkout\/cart\">https:\/\/www.netcup.com\/en\/checkout\/cart<\/a><\/p>\n\n\n\n<p>Viel Spa\u00df!<\/p>\n\n\n\n<hr class=\"wp-block-separator has-alpha-channel-opacity\"\/>\n\n\n\n<h3 class=\"wp-block-heading\"><a href=\"https:\/\/netcup.cloudcoupons.org\/de\/netcup-webhosting-2000-gutscheine-30-ab\/\">Netcup WebHosting 2000 Gutscheine<\/a><\/h3>\n\n\n\n<p>Netcup's <a href=\"https:\/\/www.netcup.com\/en\/hosting\">WebHosting 2000<\/a> Paket ist perfekt f\u00fcr alle, die eine zuverl\u00e4ssige und erschwingliche Hosting-L\u00f6sung mit Platz zum Wachsen ben\u00f6tigen. Dieser Plan bietet gro\u00dfz\u00fcgige 150 GB SSD-Speicherplatz, so dass Sie eine umfangreiche Website mit vielen Multimedia-Inhalten hosten k\u00f6nnen. Sie erhalten au\u00dferdem 3 .de-Domains oder 1 alternative Domain, was Ihnen Flexibilit\u00e4t beim Aufbau Ihrer Online-Pr\u00e4senz bietet. Mit einem PHP-Speicherlimit von 512 MB kann Ihre Website dynamische Inhalte und Datenverkehr m\u00fchelos verarbeiten.<\/p>\n\n\n\n<p>Und f\u00fcr eine begrenzte Zeit k\u00f6nnen Sie mit unserem exklusiven Gutschein 30% auf dieses bereits g\u00fcnstige Angebot erhalten! Dies ist eine fantastische Gelegenheit, sich ein hochwertiges Hosting-Paket zu einem unschlagbaren Preis zu sichern. Verpassen Sie nicht diese Chance, Ihre Website mit Netcups <a href=\"https:\/\/www.netcup.com\/en\/hosting\">WebHosting 2000<\/a>.<\/p>\n\n\n\n<ul class=\"wp-block-list\">\n<li>4602nc17774188210<\/li><li>4602nc17770228220<\/li><li>4602nc17770226410<\/li><li>4602nc17768514620<\/li><li>4602nc17766799221<\/li>\n<\/ul>\n\n\n\n<hr class=\"wp-block-separator has-alpha-channel-opacity\"\/>\n\n\n\n<h3 class=\"wp-block-heading\"><a href=\"https:\/\/netcup.cloudcoupons.org\/de\/netcup-webhosting-4000-gutscheine-30-ab\/\">Netcup WebHosting 4000 Gutscheine<\/a><\/h3>\n\n\n\n<p>Netcup's <a href=\"https:\/\/www.netcup.com\/en\/hosting\">WebHosting 4000<\/a> Paket liegt bequem im mittleren Bereich der Hosting-Angebote und bietet eine robuste und vielseitige L\u00f6sung f\u00fcr wachsende Websites und Anwendungen. Mit diesem Paket erhalten Sie gro\u00dfz\u00fcgige 500 GB SSD-Speicherplatz, so dass Sie eine gro\u00dfe Menge an Inhalten mit blitzschnellen Ladegeschwindigkeiten hosten k\u00f6nnen. Sie haben au\u00dferdem die M\u00f6glichkeit, zwischen 6 .de-Domains oder 2 alternativen Domains zu w\u00e4hlen, um Ihre Online-Pr\u00e4senz zu gestalten.<\/p>\n\n\n\n<p>Mit dieser Schicht wird auch die Unterst\u00fctzung f\u00fcr Ruby und Node.js freigeschaltet, sodass Sie dynamische Webanwendungen mit diesen beliebten Programmiersprachen erstellen und bereitstellen k\u00f6nnen. Mit den 25 enthaltenen Datenbanken k\u00f6nnen Sie problemlos komplexe Datenstrukturen verwalten und mehrere Projekte unterst\u00fctzen.<\/p>\n\n\n\n<p>Und f\u00fcr eine begrenzte Zeit k\u00f6nnen Sie <a href=\"https:\/\/www.netcup.com\/en\/hosting\">WebHosting 4000<\/a> f\u00fcr 30% mit unserem exklusiven Gutschein! Dies ist eine fantastische Gelegenheit, die Leistung und Flexibilit\u00e4t dieses Mid-Tier-Hosting-Pakets zu einem unglaublich g\u00fcnstigen Preis zu erleben. Verpassen Sie nicht diese Chance, Ihre Website mit Netcups <a href=\"https:\/\/www.netcup.com\/en\/hosting\">WebHosting 4000<\/a>.<\/p>\n\n\n\n<ul class=\"wp-block-list\">\n<li>4603nc17772087610<\/li><li>4603nc17767920610<\/li><li>4603nc17767836020<\/li><li>4603nc17760915020<\/li><li>4603nc17758355410<\/li>\n<\/ul>\n\n\n\n<hr class=\"wp-block-separator has-alpha-channel-opacity\"\/>\n\n\n\n<h3 class=\"wp-block-heading\"><a href=\"https:\/\/netcup.cloudcoupons.org\/de\/netcup-webhosting-8000-gutscheine-30-ab\/\">Netcup WebHosting 8000 Gutscheine<\/a><\/h3>\n\n\n\n<p>F\u00fcr diejenigen, die das absolut Beste im Webhosting verlangen, bietet Netcup's <a href=\"https:\/\/www.netcup.com\/en\/hosting\">WebHosting 8000<\/a> Paket bietet eine unvergleichliche Kombination aus Funktionen, Leistung und Wert. Dieser Top-Tarif umfasst satte 1 TB SSD-Speicher, mit dem Sie selbst die anspruchsvollsten Websites und Anwendungen problemlos hosten k\u00f6nnen. Dar\u00fcber hinaus k\u00f6nnen Sie zwischen 12 .de-Domains oder 3 alternativen Domains w\u00e4hlen und haben so zahlreiche M\u00f6glichkeiten, Ihre Online-Pr\u00e4senz zu etablieren.<\/p>\n\n\n\n<p>Mit den 50 enthaltenen Datenbanken k\u00f6nnen Sie komplexe Datenstrukturen verwalten und mehrere Projekte ohne Einschr\u00e4nkungen unterst\u00fctzen. Ein PHP-Speicherlimit von 1 GB sorgt daf\u00fcr, dass Ihre Website dynamische Inhalte und hohe Verkehrslasten problemlos bew\u00e4ltigen kann. Und mit der Unterst\u00fctzung von Ruby und Node.js haben Sie die Freiheit, anspruchsvolle Webanwendungen mit Ihren bevorzugten Technologien zu erstellen und bereitzustellen.<\/p>\n\n\n\n<p>Und das alles zu einem unglaublich g\u00fcnstigen Preis von nur 8,91 Euro pro Monat. Und um dieses Angebot noch attraktiver zu machen, haben wir uns mit Netcup zusammengetan und bieten einen exklusiven 30%-Rabatt auf <a href=\"https:\/\/www.netcup.com\/en\/hosting\">WebHosting 8000<\/a>! Verpassen Sie nicht die Gelegenheit, die ultimative Webhosting-Performance und den besten Preis zu erleben.<\/p>\n\n\n\n<ul class=\"wp-block-list\">\n<li>4604nc17772089410<\/li><li>4604nc17766273610<\/li><li>4604nc17745400820<\/li><li>4604nc17729586010<\/li><li>4604nc17724801620<\/li>\n<\/ul>","protected":false},"excerpt":{"rendered":"<p>Netcup gl\u00e4nzt wirklich, wenn es um Webhosting geht, und bietet eine umfassende Palette von Pl\u00e4nen f\u00fcr jeden Bedarf und jedes Budget. Vom Einsteigerpaket WebHosting 2000 mit reichlich SSD-Speicher und einem gro\u00dfz\u00fcgigen PHP-Speicherlimit bis hin zum Top-Tier-Tarif WebHosting 8000 mit 1 TB Speicherplatz, 50 Datenbanken und Unterst\u00fctzung f\u00fcr fortschrittliche Technologien ... <a title=\"Netcup WebHosting-Gutscheine\" class=\"read-more\" href=\"https:\/\/netcup.cloudcoupons.org\/de\/netcup-webhosting-gutscheine\/\" aria-label=\"Mehr Informationen \u00fcber Netcup WebHosting-Gutscheine\">Weiterlesen ...<\/a><\/p>","protected":false},"author":1,"featured_media":0,"parent":0,"menu_order":0,"comment_status":"closed","ping_status":"closed","template":"","meta":{"footnotes":""},"class_list":{"0":"post-51","1":"page","2":"type-page","3":"status-publish","5":"infinite-scroll-item"},"yoast_head":"<!-- This site is optimized with the Yoast SEO plugin v25.9 - https:\/\/yoast.com\/wordpress\/plugins\/seo\/ -->\n<title>Netcup WebHosting Vouchers &#8211; Netcup Coupons \u2013 6\u20ac \/ 30\u20ac Off New G12 RS, G11 VPS and WebHosting<\/title>\n<meta name=\"description\" content=\"Enjoy incredible discounts, free months, and other exclusive deals that make Netcup&#039;s web hosting solutions an even more compelling choice.\" \/>\n<meta name=\"robots\" content=\"index, follow, max-snippet:-1, max-image-preview:large, max-video-preview:-1\" \/>\n<link rel=\"canonical\" href=\"https:\/\/netcup.cloudcoupons.org\/de\/netcup-webhosting-gutscheine\/\" \/>\n<meta property=\"og:locale\" content=\"de_DE\" \/>\n<meta property=\"og:type\" content=\"article\" \/>\n<meta property=\"og:title\" content=\"Netcup WebHosting Vouchers &#8211; Netcup Coupons \u2013 6\u20ac \/ 30\u20ac Off New G12 RS, G11 VPS and WebHosting\" \/>\n<meta property=\"og:description\" content=\"Enjoy incredible discounts, free months, and other exclusive deals that make Netcup&#039;s web hosting solutions an even more compelling choice.\" \/>\n<meta property=\"og:url\" content=\"https:\/\/netcup.cloudcoupons.org\/de\/netcup-webhosting-gutscheine\/\" \/>\n<meta property=\"og:site_name\" content=\"Netcup Coupons \u2013 6\u20ac \/ 30\u20ac Off New G12 RS, G11 VPS and WebHosting\" \/>\n<meta property=\"article:modified_time\" content=\"2025-09-10T23:24:54+00:00\" \/>\n<meta property=\"og:image\" content=\"https:\/\/i0.wp.com\/netcup.cloudcoupons.org\/wp-content\/uploads\/2024\/11\/cropped-shopping-cart-1.png?fit=512%2C512&ssl=1\" \/>\n\t<meta property=\"og:image:width\" content=\"512\" \/>\n\t<meta property=\"og:image:height\" content=\"512\" \/>\n\t<meta property=\"og:image:type\" content=\"image\/png\" \/>\n<meta name=\"twitter:card\" content=\"summary_large_image\" \/>\n<meta name=\"twitter:label1\" content=\"Gesch\u00e4tzte Lesezeit\" \/>\n\t<meta name=\"twitter:data1\" content=\"6\u00a0Minuten\" \/>\n<script type=\"application\/ld+json\" class=\"yoast-schema-graph\">{\"@context\":\"https:\/\/schema.org\",\"@graph\":[{\"@type\":\"WebPage\",\"@id\":\"https:\/\/netcup.cloudcoupons.org\/netcup-webhosting-vouchers\/\",\"url\":\"https:\/\/netcup.cloudcoupons.org\/netcup-webhosting-vouchers\/\",\"name\":\"Netcup WebHosting Vouchers &#8211; Netcup Coupons \u2013 6\u20ac \/ 30\u20ac Off New G12 RS, G11 VPS and WebHosting\",\"isPartOf\":{\"@id\":\"https:\/\/netcup.cloudcoupons.org\/#website\"},\"datePublished\":\"2024-11-02T22:23:07+00:00\",\"dateModified\":\"2025-09-10T23:24:54+00:00\",\"description\":\"Enjoy incredible discounts, free months, and other exclusive deals that make Netcup's web hosting solutions an even more compelling choice.\",\"breadcrumb\":{\"@id\":\"https:\/\/netcup.cloudcoupons.org\/netcup-webhosting-vouchers\/#breadcrumb\"},\"inLanguage\":\"de\",\"potentialAction\":[{\"@type\":\"ReadAction\",\"target\":[\"https:\/\/netcup.cloudcoupons.org\/netcup-webhosting-vouchers\/\"]}]},{\"@type\":\"BreadcrumbList\",\"@id\":\"https:\/\/netcup.cloudcoupons.org\/netcup-webhosting-vouchers\/#breadcrumb\",\"itemListElement\":[{\"@type\":\"ListItem\",\"position\":1,\"name\":\"Home\",\"item\":\"https:\/\/netcup.cloudcoupons.org\/\"},{\"@type\":\"ListItem\",\"position\":2,\"name\":\"Netcup WebHosting Vouchers\"}]},{\"@type\":\"WebSite\",\"@id\":\"https:\/\/netcup.cloudcoupons.org\/#website\",\"url\":\"https:\/\/netcup.cloudcoupons.org\/\",\"name\":\"Netcup Coupons \u2013 6\u20ac \/ 30\u20ac Off New G12 RS, G11 VPS and WebHosting\",\"description\":\"Save 6\u20ac on Cart or Get Free Months \u2013 Netcup New RS G12 Root Servers, VPS G11 &amp; Web Hosting Plans\",\"publisher\":{\"@id\":\"https:\/\/netcup.cloudcoupons.org\/#organization\"},\"alternateName\":\"Netcup Vouchers \u2013 6\u20ac \/ 30\u20ac Off New G12 RS, G11 VPS and WebHosting\",\"potentialAction\":[{\"@type\":\"SearchAction\",\"target\":{\"@type\":\"EntryPoint\",\"urlTemplate\":\"https:\/\/netcup.cloudcoupons.org\/?s={search_term_string}\"},\"query-input\":{\"@type\":\"PropertyValueSpecification\",\"valueRequired\":true,\"valueName\":\"search_term_string\"}}],\"inLanguage\":\"de\"},{\"@type\":\"Organization\",\"@id\":\"https:\/\/netcup.cloudcoupons.org\/#organization\",\"name\":\"Netcup Coupons \u2013 6\u20ac \/ 30\u20ac Off New G12 RS, G11 VPS and WebHosting\",\"alternateName\":\"Netcup Vouchers \u2013 6\u20ac \/ 30\u20ac Off New G12 RS, G11 VPS and WebHosting\",\"url\":\"https:\/\/netcup.cloudcoupons.org\/\",\"logo\":{\"@type\":\"ImageObject\",\"inLanguage\":\"de\",\"@id\":\"https:\/\/netcup.cloudcoupons.org\/#\/schema\/logo\/image\/\",\"url\":\"https:\/\/i0.wp.com\/netcup.cloudcoupons.org\/wp-content\/uploads\/2024\/11\/cropped-shopping-cart.png?fit=512%2C512&ssl=1\",\"contentUrl\":\"https:\/\/i0.wp.com\/netcup.cloudcoupons.org\/wp-content\/uploads\/2024\/11\/cropped-shopping-cart.png?fit=512%2C512&ssl=1\",\"width\":512,\"height\":512,\"caption\":\"Netcup Coupons \u2013 6\u20ac \/ 30\u20ac Off New G12 RS, G11 VPS and WebHosting\"},\"image\":{\"@id\":\"https:\/\/netcup.cloudcoupons.org\/#\/schema\/logo\/image\/\"}}]}<\/script>\n<!-- \/ Yoast SEO plugin. -->","yoast_head_json":{"title":"Netcup WebHosting Gutscheine - Netcup Coupons - 6\u20ac \/ 30\u20ac Rabatt auf neue G12 RS, G11 VPS und WebHosting","description":"Genie\u00dfen Sie unglaubliche Rabatte, Gratismonate und andere exklusive Angebote, die die Webhosting-L\u00f6sungen von Netcup zu einer noch \u00fcberzeugenderen Wahl machen.","robots":{"index":"index","follow":"follow","max-snippet":"max-snippet:-1","max-image-preview":"max-image-preview:large","max-video-preview":"max-video-preview:-1"},"canonical":"https:\/\/netcup.cloudcoupons.org\/de\/netcup-webhosting-gutscheine\/","og_locale":"de_DE","og_type":"article","og_title":"Netcup WebHosting Vouchers &#8211; Netcup Coupons \u2013 6\u20ac \/ 30\u20ac Off New G12 RS, G11 VPS and WebHosting","og_description":"Enjoy incredible discounts, free months, and other exclusive deals that make Netcup's web hosting solutions an even more compelling choice.","og_url":"https:\/\/netcup.cloudcoupons.org\/de\/netcup-webhosting-gutscheine\/","og_site_name":"Netcup Coupons \u2013 6\u20ac \/ 30\u20ac Off New G12 RS, G11 VPS and WebHosting","article_modified_time":"2025-09-10T23:24:54+00:00","og_image":[{"width":512,"height":512,"url":"https:\/\/i0.wp.com\/netcup.cloudcoupons.org\/wp-content\/uploads\/2024\/11\/cropped-shopping-cart-1.png?fit=512%2C512&ssl=1","type":"image\/png"}],"twitter_card":"summary_large_image","twitter_misc":{"Gesch\u00e4tzte Lesezeit":"6\u00a0Minuten"},"schema":{"@context":"https:\/\/schema.org","@graph":[{"@type":"WebPage","@id":"https:\/\/netcup.cloudcoupons.org\/netcup-webhosting-vouchers\/","url":"https:\/\/netcup.cloudcoupons.org\/netcup-webhosting-vouchers\/","name":"Netcup WebHosting Gutscheine - Netcup Coupons - 6\u20ac \/ 30\u20ac Rabatt auf neue G12 RS, G11 VPS und WebHosting","isPartOf":{"@id":"https:\/\/netcup.cloudcoupons.org\/#website"},"datePublished":"2024-11-02T22:23:07+00:00","dateModified":"2025-09-10T23:24:54+00:00","description":"Genie\u00dfen Sie unglaubliche Rabatte, Gratismonate und andere exklusive Angebote, die die Webhosting-L\u00f6sungen von Netcup zu einer noch \u00fcberzeugenderen Wahl machen.","breadcrumb":{"@id":"https:\/\/netcup.cloudcoupons.org\/netcup-webhosting-vouchers\/#breadcrumb"},"inLanguage":"de","potentialAction":[{"@type":"ReadAction","target":["https:\/\/netcup.cloudcoupons.org\/netcup-webhosting-vouchers\/"]}]},{"@type":"BreadcrumbList","@id":"https:\/\/netcup.cloudcoupons.org\/netcup-webhosting-vouchers\/#breadcrumb","itemListElement":[{"@type":"ListItem","position":1,"name":"Home","item":"https:\/\/netcup.cloudcoupons.org\/"},{"@type":"ListItem","position":2,"name":"Netcup WebHosting Vouchers"}]},{"@type":"WebSite","@id":"https:\/\/netcup.cloudcoupons.org\/#website","url":"https:\/\/netcup.cloudcoupons.org\/","name":"Netcup Coupons - 6\u20ac \/ 30\u20ac Rabatt auf neue G12 RS, G11 VPS und WebHosting","description":"Sparen Sie 6\u20ac im Warenkorb oder erhalten Sie Gratismonate - Netcup Neue RS G12 Root Server, VPS G11 &amp; Webhosting-Pl\u00e4ne","publisher":{"@id":"https:\/\/netcup.cloudcoupons.org\/#organization"},"alternateName":"Netcup Vouchers \u2013 6\u20ac \/ 30\u20ac Off New G12 RS, G11 VPS and WebHosting","potentialAction":[{"@type":"SearchAction","target":{"@type":"EntryPoint","urlTemplate":"https:\/\/netcup.cloudcoupons.org\/?s={search_term_string}"},"query-input":{"@type":"PropertyValueSpecification","valueRequired":true,"valueName":"search_term_string"}}],"inLanguage":"de"},{"@type":"Organization","@id":"https:\/\/netcup.cloudcoupons.org\/#organization","name":"Netcup Coupons - 6\u20ac \/ 30\u20ac Rabatt auf neue G12 RS, G11 VPS und WebHosting","alternateName":"Netcup Vouchers \u2013 6\u20ac \/ 30\u20ac Off New G12 RS, G11 VPS and WebHosting","url":"https:\/\/netcup.cloudcoupons.org\/","logo":{"@type":"ImageObject","inLanguage":"de","@id":"https:\/\/netcup.cloudcoupons.org\/#\/schema\/logo\/image\/","url":"https:\/\/i0.wp.com\/netcup.cloudcoupons.org\/wp-content\/uploads\/2024\/11\/cropped-shopping-cart.png?fit=512%2C512&ssl=1","contentUrl":"https:\/\/i0.wp.com\/netcup.cloudcoupons.org\/wp-content\/uploads\/2024\/11\/cropped-shopping-cart.png?fit=512%2C512&ssl=1","width":512,"height":512,"caption":"Netcup Coupons \u2013 6\u20ac \/ 30\u20ac Off New G12 RS, G11 VPS and WebHosting"},"image":{"@id":"https:\/\/netcup.cloudcoupons.org\/#\/schema\/logo\/image\/"}}]}},"jetpack_sharing_enabled":true,"jetpack-related-posts":[{"id":31,"url":"https:\/\/netcup.cloudcoupons.org\/de\/netcup-vps-gutscheine\/","url_meta":{"origin":51,"position":0},"title":"Netcup VPS-Gutscheine","author":"zeus","date":"November 2, 2024","format":false,"excerpt":"When it comes to VPS hosting, Netcup is a force to be reckoned with, offering a diverse range of powerful and affordable solutions to suit any need. From their entry-level VPS 1000 G11, perfect for small websites and applications, to the monstrous VPS 8000 G11, a true powerhouse with 16\u2026","rel":"","context":"\u00c4hnlicher Beitrag","block_context":{"text":"\u00c4hnlicher Beitrag","link":""},"img":{"alt_text":"","src":"","width":0,"height":0},"classes":[]},{"id":33,"url":"https:\/\/netcup.cloudcoupons.org\/de\/netcup-rootserver-rs-gutscheine\/","url_meta":{"origin":51,"position":1},"title":"Netcup RootServer (RS)-Gutscheine","author":"zeus","date":"November 2, 2024","format":false,"excerpt":"Netcup stands out as a top provider for those seeking powerful and reliable dedicated root servers. Their range of options caters to everyone, from individuals needing an affordable entry-level server like the RS 1000 G11, to businesses requiring a high-performance beast like the RS 8000 G11 with its 16 dedicated\u2026","rel":"","context":"\u00c4hnlicher Beitrag","block_context":{"text":"\u00c4hnlicher Beitrag","link":""},"img":{"alt_text":"","src":"","width":0,"height":0},"classes":[]},{"id":307,"url":"https:\/\/netcup.cloudcoupons.org\/de\/benchmarks\/","url_meta":{"origin":51,"position":2},"title":"Benchmarks","author":"zeus","date":"November 7, 2024","format":false,"excerpt":"Netcup Server Benchmarks: Unveiling the Performance Curious about the real-world performance of Netcup's servers? We've put them to the test! Below you'll find a collection of benchmark results for various Netcup VPS and Root Server offerings. These benchmarks provide valuable insights into the speed, responsiveness, and capabilities of each machine,\u2026","rel":"","context":"\u00c4hnlicher Beitrag","block_context":{"text":"\u00c4hnlicher Beitrag","link":""},"img":{"alt_text":"","src":"","width":0,"height":0},"classes":[]},{"id":3,"url":"https:\/\/netcup.cloudcoupons.org\/de\/datenschutzbestimmungen\/","url_meta":{"origin":51,"position":3},"title":"Datenschutzbestimmungen","author":"zeus","date":"November 2, 2024","format":false,"excerpt":"Last Updated On 10-Sep-2025 Effective Date 11-Sep-2025 This Privacy Policy describes the policies of Cloud Coupons, 63 Prospect Hill, DOWNHEAD PL15 3PH, United Kingdom of Great Britain and Northern Ireland (the), email: admin@netcup-vouchers.com, phone: 078 0420 1437 on the collection, use and disclosure of your information that we collect when\u2026","rel":"","context":"\u00c4hnlicher Beitrag","block_context":{"text":"\u00c4hnlicher Beitrag","link":""},"img":{"alt_text":"","src":"","width":0,"height":0},"classes":[]},{"id":431,"url":"https:\/\/netcup.cloudcoupons.org\/de\/cookie-richtlinie\/","url_meta":{"origin":51,"position":4},"title":"Cookie-Richtlinie","author":"zeus","date":"September 10, 2025","format":false,"excerpt":"Effective date: September 11, 2025 Last updated: September 10, 2025 \u00a0What are cookies? This Cookie Policy explains what cookies are, how we use them, the types of cookies we use (i.e., the information we collect using cookies and how that information is used), and how to manage your cookie settings.\u2026","rel":"","context":"\u00c4hnlicher Beitrag","block_context":{"text":"\u00c4hnlicher Beitrag","link":""},"img":{"alt_text":"","src":"","width":0,"height":0},"classes":[]}],"_links":{"self":[{"href":"https:\/\/netcup.cloudcoupons.org\/de\/wp-json\/wp\/v2\/pages\/51","targetHints":{"allow":["GET"]}}],"collection":[{"href":"https:\/\/netcup.cloudcoupons.org\/de\/wp-json\/wp\/v2\/pages"}],"about":[{"href":"https:\/\/netcup.cloudcoupons.org\/de\/wp-json\/wp\/v2\/types\/page"}],"author":[{"embeddable":true,"href":"https:\/\/netcup.cloudcoupons.org\/de\/wp-json\/wp\/v2\/users\/1"}],"replies":[{"embeddable":true,"href":"https:\/\/netcup.cloudcoupons.org\/de\/wp-json\/wp\/v2\/comments?post=51"}],"version-history":[{"count":4,"href":"https:\/\/netcup.cloudcoupons.org\/de\/wp-json\/wp\/v2\/pages\/51\/revisions"}],"predecessor-version":[{"id":369,"href":"https:\/\/netcup.cloudcoupons.org\/de\/wp-json\/wp\/v2\/pages\/51\/revisions\/369"}],"wp:attachment":[{"href":"https:\/\/netcup.cloudcoupons.org\/de\/wp-json\/wp\/v2\/media?parent=51"}],"curies":[{"name":"wp","href":"https:\/\/api.w.org\/{rel}","templated":true}]}}