{"id":431,"date":"2025-09-10T23:43:49","date_gmt":"2025-09-10T23:43:49","guid":{"rendered":"https:\/\/netcup.cloudcoupons.org\/?page_id=431"},"modified":"2025-09-10T23:49:25","modified_gmt":"2025-09-10T23:49:25","slug":"cookie-richtlinie","status":"publish","type":"page","link":"https:\/\/netcup.cloudcoupons.org\/de\/cookie-richtlinie\/","title":{"rendered":"Cookie-Richtlinie"},"content":{"rendered":"<!-- Start CookieYes cookie policy -->\n<style>\n  a.cky-banner-element {\n    padding: 8px 30px;\n    background: #f8f9fa;\n    color: #858a8f;\n    border: 1px solid #dee2e6;\n    box-sizing: border-box;\n    border-radius: 2px;\n    cursor: pointer\n  }\n<\/style>\n<div class=\"cookie-policy-date-container\">\n  <p>Datum des Inkrafttretens: September 11, 2025<\/p>\n  <p>Zuletzt aktualisiert: September 10, 2025<\/p>\n<\/div>&nbsp;<h2>Was sind Cookies?<\/h2>\n<div class=\"cookie-policy-p\">\n  <p>In dieser Cookie-Richtlinie wird erl\u00e4utert, was Cookies sind, wie wir sie verwenden, welche Arten von Cookies wir verwenden (d. h. welche Informationen wir mit Hilfe von Cookies sammeln und wie diese Informationen verwendet werden) und wie Sie Ihre Cookie-Einstellungen verwalten k\u00f6nnen.<\/p>\n  <p>Cookies sind kleine Textdateien, die dazu dienen, kleine Informationen zu speichern. Sie werden auf Ihrem Ger\u00e4t gespeichert, wenn eine Website in Ihrem Browser geladen wird. Diese Cookies tragen dazu bei, dass die Website ordnungsgem\u00e4\u00df funktioniert, erh\u00f6hen die Sicherheit, bieten eine bessere Nutzererfahrung und analysieren die Leistung, um zu ermitteln, was funktioniert und wo Verbesserungen erforderlich sind.<\/p>\n<\/div>&nbsp;<h2>Wie verwenden wir Cookies?<\/h2>\n<div class=\"cookie-policy-p\">\n  <p>Wie die meisten Online-Dienste verwendet auch unsere Website sowohl Erstanbieter- als auch Drittanbieter-Cookies f\u00fcr verschiedene Zwecke. Erstanbieter-Cookies sind in erster Linie f\u00fcr das ordnungsgem\u00e4\u00dfe Funktionieren der Website erforderlich und erfassen keine personenbezogenen Daten.<\/p>\n  <p>Die auf unserer Website verwendeten Cookies von Drittanbietern helfen uns in erster Linie dabei, die Leistung der Website zu verstehen, zu verfolgen, wie Sie mit ihr interagieren, unsere Dienste sicher zu halten, relevante Werbung zu liefern und Ihre allgemeine Benutzererfahrung zu verbessern, w\u00e4hrend wir die Geschwindigkeit Ihrer zuk\u00fcnftigen Interaktionen mit unserer Website erh\u00f6hen.<\/p>\n<\/div>&nbsp;<h2>Arten von Cookies, die wir verwenden<\/h2>\n<div class=\"cky-audit-table-element\"><\/div>&nbsp;<h2 style=\"margin-bottom: 20px\">Cookie-Einstellungen verwalten<\/h2><a class=\"cky-banner-element\">Pr\u00e4ferenzen f\u00fcr die Zustimmung<\/a><br \/>\n<div>\n  <p>Sie k\u00f6nnen Ihre Cookie-Einstellungen jederzeit \u00e4ndern, indem Sie oben auf die Schaltfl\u00e4che \"Zustimmungseinstellungen\" klicken. Dadurch k\u00f6nnen Sie das Cookie-Einwilligungsbanner erneut aufrufen und Ihre Einstellungen aktualisieren oder Ihre Einwilligung sofort widerrufen. <\/p>\n  <p>Dar\u00fcber hinaus bieten die verschiedenen Browser verschiedene Methoden zum Blockieren und L\u00f6schen von Cookies, die von Websites verwendet werden. Sie k\u00f6nnen Ihre Browsereinstellungen anpassen, um Cookies zu blockieren oder zu l\u00f6schen. Nachstehend finden Sie Links zu Support-Dokumenten \u00fcber die Verwaltung und L\u00f6schung von Cookies in den wichtigsten Webbrowsern.<\/p>\n  <p>Chrom: <a target=\"_blank\" rel=\"noopener noreferrer\" href=\"https:\/\/support.google.com\/accounts\/answer\/32050\">https:\/\/support.google.com\/accounts\/answer\/32050<\/a><\/p>\n  <p>Safari: <a target=\"_blank\" rel=\"noopener noreferrer\" href=\"https:\/\/support.apple.com\/en-in\/guide\/safari\/sfri11471\/mac\">https:\/\/support.apple.com\/en-in\/guide\/safari\/sfri11471\/mac<\/a><\/p>\n  <p>Firefox: <a target=\"_blank\" rel=\"noopener noreferrer\" href=\"https:\/\/support.mozilla.org\/en-US\/kb\/clear-cookies-and-site-data-firefox?redirectslug=delete-cookies-remove-info-websites-stored&#038;redirectlocale=en-US\">https:\/\/support.mozilla.org\/en-US\/kb\/clear-cookies-and-site-data-firefox?redirectslug=delete-cookies-remove-info-websites-stored&#038;redirectlocale=en-US<\/a><\/p>\n  <p>Internet Explorer: <a target=\"_blank\" rel=\"noopener noreferrer\" href=\"https:\/\/support.microsoft.com\/en-us\/topic\/how-to-delete-cookie-files-in-internet-explorer-bca9446f-d873-78de-77ba-d42645fa52fc\">https:\/\/support.microsoft.com\/en-us\/topic\/how-to-delete-cookie-files-in-internet-explorer-bca9446f-d873-78de-77ba-d42645fa52fc<\/a><\/p>\n  <p>Wenn Sie einen anderen Webbrowser verwenden, lesen Sie bitte dessen offizielle Support-Dokumentation.<\/p>\n<\/div>&nbsp;<p class=\"cookie-policy-p\"> Cookie-Richtlinie erstellt von <a target=\"_blank\" rel=\"noopener noreferrer\" href=\"https:\/\/www.cookieyes.com\/?utm_source=CP&#038;utm_medium=footer&#038;utm_campaign=UW\">CookieYes - Cookie-Richtlinien-Generator<\/a><\/p>\n<!-- End CookieYes cookie policy -->\n\n\n\n<p><\/p>","protected":false},"excerpt":{"rendered":"<p>Datum des Inkrafttretens: 11. September 2025 Letzte Aktualisierung: 10. September 2025 Was sind Cookies? In dieser Cookie-Richtlinie wird erkl\u00e4rt, was Cookies sind, wie wir sie verwenden, welche Arten von Cookies wir verwenden (d. h., welche Informationen wir mithilfe von Cookies sammeln und wie diese Informationen verwendet werden) und wie Sie Ihre Cookie-Einstellungen verwalten k\u00f6nnen. Cookies sind kleine Text ... <a title=\"Cookie-Richtlinie\" class=\"read-more\" href=\"https:\/\/netcup.cloudcoupons.org\/de\/cookie-richtlinie\/\" aria-label=\"Mehr Informationen \u00fcber Cookie Policy\">Weiterlesen ...<\/a><\/p>","protected":false},"author":1,"featured_media":0,"parent":0,"menu_order":0,"comment_status":"closed","ping_status":"closed","template":"","meta":{"footnotes":""},"class_list":{"0":"post-431","1":"page","2":"type-page","3":"status-publish","5":"infinite-scroll-item"},"yoast_head":"<!-- This site is optimized with the Yoast SEO plugin v25.9 - https:\/\/yoast.com\/wordpress\/plugins\/seo\/ -->\n<title>Cookie Policy &#8211; Netcup Coupons \u2013 6\u20ac \/ 30\u20ac Off New G12 RS, G11 VPS and WebHosting<\/title>\n<meta name=\"robots\" content=\"index, follow, max-snippet:-1, max-image-preview:large, max-video-preview:-1\" \/>\n<link rel=\"canonical\" href=\"https:\/\/netcup.cloudcoupons.org\/de\/cookie-richtlinie\/\" \/>\n<meta property=\"og:locale\" content=\"de_DE\" \/>\n<meta property=\"og:type\" content=\"article\" \/>\n<meta property=\"og:title\" content=\"Cookie Policy &#8211; Netcup Coupons \u2013 6\u20ac \/ 30\u20ac Off New G12 RS, G11 VPS and WebHosting\" \/>\n<meta property=\"og:description\" content=\"Effective date: September 11, 2025 Last updated: September 10, 2025 &nbsp; What are cookies? This Cookie Policy explains what cookies are, how we use them, the types of cookies we use (i.e., the information we collect using cookies and how that information is used), and how to manage your cookie settings. Cookies are small text ... Weiterlesen ...\" \/>\n<meta property=\"og:url\" content=\"https:\/\/netcup.cloudcoupons.org\/de\/cookie-richtlinie\/\" \/>\n<meta property=\"og:site_name\" content=\"Netcup Coupons \u2013 6\u20ac \/ 30\u20ac Off New G12 RS, G11 VPS and WebHosting\" \/>\n<meta property=\"article:modified_time\" content=\"2025-09-10T23:49:25+00:00\" \/>\n<meta property=\"og:image\" content=\"https:\/\/i0.wp.com\/netcup.cloudcoupons.org\/wp-content\/uploads\/2024\/11\/cropped-shopping-cart-1.png?fit=512%2C512&ssl=1\" \/>\n\t<meta property=\"og:image:width\" content=\"512\" \/>\n\t<meta property=\"og:image:height\" content=\"512\" \/>\n\t<meta property=\"og:image:type\" content=\"image\/png\" \/>\n<meta name=\"twitter:card\" content=\"summary_large_image\" \/>\n<meta name=\"twitter:label1\" content=\"Gesch\u00e4tzte Lesezeit\" \/>\n\t<meta name=\"twitter:data1\" content=\"2\u00a0Minuten\" \/>\n<script type=\"application\/ld+json\" class=\"yoast-schema-graph\">{\"@context\":\"https:\/\/schema.org\",\"@graph\":[{\"@type\":\"WebPage\",\"@id\":\"https:\/\/netcup.cloudcoupons.org\/cookie-policy\/\",\"url\":\"https:\/\/netcup.cloudcoupons.org\/cookie-policy\/\",\"name\":\"Cookie Policy &#8211; Netcup Coupons \u2013 6\u20ac \/ 30\u20ac Off New G12 RS, G11 VPS and WebHosting\",\"isPartOf\":{\"@id\":\"https:\/\/netcup.cloudcoupons.org\/#website\"},\"datePublished\":\"2025-09-10T23:43:49+00:00\",\"dateModified\":\"2025-09-10T23:49:25+00:00\",\"breadcrumb\":{\"@id\":\"https:\/\/netcup.cloudcoupons.org\/cookie-policy\/#breadcrumb\"},\"inLanguage\":\"de\",\"potentialAction\":[{\"@type\":\"ReadAction\",\"target\":[\"https:\/\/netcup.cloudcoupons.org\/cookie-policy\/\"]}]},{\"@type\":\"BreadcrumbList\",\"@id\":\"https:\/\/netcup.cloudcoupons.org\/cookie-policy\/#breadcrumb\",\"itemListElement\":[{\"@type\":\"ListItem\",\"position\":1,\"name\":\"Home\",\"item\":\"https:\/\/netcup.cloudcoupons.org\/\"},{\"@type\":\"ListItem\",\"position\":2,\"name\":\"Cookie Policy\"}]},{\"@type\":\"WebSite\",\"@id\":\"https:\/\/netcup.cloudcoupons.org\/#website\",\"url\":\"https:\/\/netcup.cloudcoupons.org\/\",\"name\":\"Netcup Coupons \u2013 6\u20ac \/ 30\u20ac Off New G12 RS, G11 VPS and WebHosting\",\"description\":\"Save 6\u20ac on Cart or Get Free Months \u2013 Netcup New RS G12 Root Servers, VPS G11 &amp; Web Hosting Plans\",\"publisher\":{\"@id\":\"https:\/\/netcup.cloudcoupons.org\/#organization\"},\"alternateName\":\"Netcup Vouchers \u2013 6\u20ac \/ 30\u20ac Off New G12 RS, G11 VPS and WebHosting\",\"potentialAction\":[{\"@type\":\"SearchAction\",\"target\":{\"@type\":\"EntryPoint\",\"urlTemplate\":\"https:\/\/netcup.cloudcoupons.org\/?s={search_term_string}\"},\"query-input\":{\"@type\":\"PropertyValueSpecification\",\"valueRequired\":true,\"valueName\":\"search_term_string\"}}],\"inLanguage\":\"de\"},{\"@type\":\"Organization\",\"@id\":\"https:\/\/netcup.cloudcoupons.org\/#organization\",\"name\":\"Netcup Coupons \u2013 6\u20ac \/ 30\u20ac Off New G12 RS, G11 VPS and WebHosting\",\"alternateName\":\"Netcup Vouchers \u2013 6\u20ac \/ 30\u20ac Off New G12 RS, G11 VPS and WebHosting\",\"url\":\"https:\/\/netcup.cloudcoupons.org\/\",\"logo\":{\"@type\":\"ImageObject\",\"inLanguage\":\"de\",\"@id\":\"https:\/\/netcup.cloudcoupons.org\/#\/schema\/logo\/image\/\",\"url\":\"https:\/\/i0.wp.com\/netcup.cloudcoupons.org\/wp-content\/uploads\/2024\/11\/cropped-shopping-cart.png?fit=512%2C512&ssl=1\",\"contentUrl\":\"https:\/\/i0.wp.com\/netcup.cloudcoupons.org\/wp-content\/uploads\/2024\/11\/cropped-shopping-cart.png?fit=512%2C512&ssl=1\",\"width\":512,\"height\":512,\"caption\":\"Netcup Coupons \u2013 6\u20ac \/ 30\u20ac Off New G12 RS, G11 VPS and WebHosting\"},\"image\":{\"@id\":\"https:\/\/netcup.cloudcoupons.org\/#\/schema\/logo\/image\/\"}}]}<\/script>\n<!-- \/ Yoast SEO plugin. -->","yoast_head_json":{"title":"Cookie-Richtlinie - Netcup Coupons - 6\u20ac \/ 30\u20ac Rabatt auf neue G12 RS, G11 VPS und WebHosting","robots":{"index":"index","follow":"follow","max-snippet":"max-snippet:-1","max-image-preview":"max-image-preview:large","max-video-preview":"max-video-preview:-1"},"canonical":"https:\/\/netcup.cloudcoupons.org\/de\/cookie-richtlinie\/","og_locale":"de_DE","og_type":"article","og_title":"Cookie Policy &#8211; Netcup Coupons \u2013 6\u20ac \/ 30\u20ac Off New G12 RS, G11 VPS and WebHosting","og_description":"Effective date: September 11, 2025 Last updated: September 10, 2025 &nbsp; What are cookies? This Cookie Policy explains what cookies are, how we use them, the types of cookies we use (i.e., the information we collect using cookies and how that information is used), and how to manage your cookie settings. Cookies are small text ... Weiterlesen ...","og_url":"https:\/\/netcup.cloudcoupons.org\/de\/cookie-richtlinie\/","og_site_name":"Netcup Coupons \u2013 6\u20ac \/ 30\u20ac Off New G12 RS, G11 VPS and WebHosting","article_modified_time":"2025-09-10T23:49:25+00:00","og_image":[{"width":512,"height":512,"url":"https:\/\/i0.wp.com\/netcup.cloudcoupons.org\/wp-content\/uploads\/2024\/11\/cropped-shopping-cart-1.png?fit=512%2C512&ssl=1","type":"image\/png"}],"twitter_card":"summary_large_image","twitter_misc":{"Gesch\u00e4tzte Lesezeit":"2\u00a0Minuten"},"schema":{"@context":"https:\/\/schema.org","@graph":[{"@type":"WebPage","@id":"https:\/\/netcup.cloudcoupons.org\/cookie-policy\/","url":"https:\/\/netcup.cloudcoupons.org\/cookie-policy\/","name":"Cookie-Richtlinie - Netcup Coupons - 6\u20ac \/ 30\u20ac Rabatt auf neue G12 RS, G11 VPS und WebHosting","isPartOf":{"@id":"https:\/\/netcup.cloudcoupons.org\/#website"},"datePublished":"2025-09-10T23:43:49+00:00","dateModified":"2025-09-10T23:49:25+00:00","breadcrumb":{"@id":"https:\/\/netcup.cloudcoupons.org\/cookie-policy\/#breadcrumb"},"inLanguage":"de","potentialAction":[{"@type":"ReadAction","target":["https:\/\/netcup.cloudcoupons.org\/cookie-policy\/"]}]},{"@type":"BreadcrumbList","@id":"https:\/\/netcup.cloudcoupons.org\/cookie-policy\/#breadcrumb","itemListElement":[{"@type":"ListItem","position":1,"name":"Home","item":"https:\/\/netcup.cloudcoupons.org\/"},{"@type":"ListItem","position":2,"name":"Cookie Policy"}]},{"@type":"WebSite","@id":"https:\/\/netcup.cloudcoupons.org\/#website","url":"https:\/\/netcup.cloudcoupons.org\/","name":"Netcup Coupons - 6\u20ac \/ 30\u20ac Rabatt auf neue G12 RS, G11 VPS und WebHosting","description":"Sparen Sie 6\u20ac im Warenkorb oder erhalten Sie Gratismonate - Netcup Neue RS G12 Root Server, VPS G11 &amp; Webhosting-Pl\u00e4ne","publisher":{"@id":"https:\/\/netcup.cloudcoupons.org\/#organization"},"alternateName":"Netcup Vouchers \u2013 6\u20ac \/ 30\u20ac Off New G12 RS, G11 VPS and WebHosting","potentialAction":[{"@type":"SearchAction","target":{"@type":"EntryPoint","urlTemplate":"https:\/\/netcup.cloudcoupons.org\/?s={search_term_string}"},"query-input":{"@type":"PropertyValueSpecification","valueRequired":true,"valueName":"search_term_string"}}],"inLanguage":"de"},{"@type":"Organization","@id":"https:\/\/netcup.cloudcoupons.org\/#organization","name":"Netcup Coupons - 6\u20ac \/ 30\u20ac Rabatt auf neue G12 RS, G11 VPS und WebHosting","alternateName":"Netcup Vouchers \u2013 6\u20ac \/ 30\u20ac Off New G12 RS, G11 VPS and WebHosting","url":"https:\/\/netcup.cloudcoupons.org\/","logo":{"@type":"ImageObject","inLanguage":"de","@id":"https:\/\/netcup.cloudcoupons.org\/#\/schema\/logo\/image\/","url":"https:\/\/i0.wp.com\/netcup.cloudcoupons.org\/wp-content\/uploads\/2024\/11\/cropped-shopping-cart.png?fit=512%2C512&ssl=1","contentUrl":"https:\/\/i0.wp.com\/netcup.cloudcoupons.org\/wp-content\/uploads\/2024\/11\/cropped-shopping-cart.png?fit=512%2C512&ssl=1","width":512,"height":512,"caption":"Netcup Coupons \u2013 6\u20ac \/ 30\u20ac Off New G12 RS, G11 VPS and WebHosting"},"image":{"@id":"https:\/\/netcup.cloudcoupons.org\/#\/schema\/logo\/image\/"}}]}},"jetpack_sharing_enabled":true,"jetpack-related-posts":[{"id":3,"url":"https:\/\/netcup.cloudcoupons.org\/de\/datenschutzbestimmungen\/","url_meta":{"origin":431,"position":0},"title":"Datenschutzbestimmungen","author":"zeus","date":"November 2, 2024","format":false,"excerpt":"Last Updated On 10-Sep-2025 Effective Date 11-Sep-2025 This Privacy Policy describes the policies of Cloud Coupons, 63 Prospect Hill, DOWNHEAD PL15 3PH, United Kingdom of Great Britain and Northern Ireland (the), email: admin@netcup-vouchers.com, phone: 078 0420 1437 on the collection, use and disclosure of your information that we collect when\u2026","rel":"","context":"\u00c4hnlicher Beitrag","block_context":{"text":"\u00c4hnlicher Beitrag","link":""},"img":{"alt_text":"","src":"","width":0,"height":0},"classes":[]},{"id":51,"url":"https:\/\/netcup.cloudcoupons.org\/de\/netcup-webhosting-gutscheine\/","url_meta":{"origin":431,"position":1},"title":"Netcup WebHosting-Gutscheine","author":"zeus","date":"November 2, 2024","format":false,"excerpt":"Netcup truly shines when it comes to web hosting, offering a comprehensive range of plans to suit every need and budget. From their entry-level WebHosting 2000 package with ample SSD storage and a generous PHP memory limit, to the top-tier WebHosting 8000 plan boasting 1 TB of storage, 50 databases,\u2026","rel":"","context":"\u00c4hnlicher Beitrag","block_context":{"text":"\u00c4hnlicher Beitrag","link":""},"img":{"alt_text":"","src":"","width":0,"height":0},"classes":[]},{"id":31,"url":"https:\/\/netcup.cloudcoupons.org\/de\/netcup-vps-gutscheine\/","url_meta":{"origin":431,"position":2},"title":"Netcup VPS-Gutscheine","author":"zeus","date":"November 2, 2024","format":false,"excerpt":"When it comes to VPS hosting, Netcup is a force to be reckoned with, offering a diverse range of powerful and affordable solutions to suit any need. From their entry-level VPS 1000 G11, perfect for small websites and applications, to the monstrous VPS 8000 G11, a true powerhouse with 16\u2026","rel":"","context":"\u00c4hnlicher Beitrag","block_context":{"text":"\u00c4hnlicher Beitrag","link":""},"img":{"alt_text":"","src":"","width":0,"height":0},"classes":[]},{"id":307,"url":"https:\/\/netcup.cloudcoupons.org\/de\/benchmarks\/","url_meta":{"origin":431,"position":3},"title":"Benchmarks","author":"zeus","date":"November 7, 2024","format":false,"excerpt":"Netcup Server Benchmarks: Unveiling the Performance Curious about the real-world performance of Netcup's servers? We've put them to the test! Below you'll find a collection of benchmark results for various Netcup VPS and Root Server offerings. These benchmarks provide valuable insights into the speed, responsiveness, and capabilities of each machine,\u2026","rel":"","context":"\u00c4hnlicher Beitrag","block_context":{"text":"\u00c4hnlicher Beitrag","link":""},"img":{"alt_text":"","src":"","width":0,"height":0},"classes":[]},{"id":33,"url":"https:\/\/netcup.cloudcoupons.org\/de\/netcup-rootserver-rs-gutscheine\/","url_meta":{"origin":431,"position":4},"title":"Netcup RootServer (RS)-Gutscheine","author":"zeus","date":"November 2, 2024","format":false,"excerpt":"Netcup stands out as a top provider for those seeking powerful and reliable dedicated root servers. Their range of options caters to everyone, from individuals needing an affordable entry-level server like the RS 1000 G11, to businesses requiring a high-performance beast like the RS 8000 G11 with its 16 dedicated\u2026","rel":"","context":"\u00c4hnlicher Beitrag","block_context":{"text":"\u00c4hnlicher Beitrag","link":""},"img":{"alt_text":"","src":"","width":0,"height":0},"classes":[]}],"_links":{"self":[{"href":"https:\/\/netcup.cloudcoupons.org\/de\/wp-json\/wp\/v2\/pages\/431","targetHints":{"allow":["GET"]}}],"collection":[{"href":"https:\/\/netcup.cloudcoupons.org\/de\/wp-json\/wp\/v2\/pages"}],"about":[{"href":"https:\/\/netcup.cloudcoupons.org\/de\/wp-json\/wp\/v2\/types\/page"}],"author":[{"embeddable":true,"href":"https:\/\/netcup.cloudcoupons.org\/de\/wp-json\/wp\/v2\/users\/1"}],"replies":[{"embeddable":true,"href":"https:\/\/netcup.cloudcoupons.org\/de\/wp-json\/wp\/v2\/comments?post=431"}],"version-history":[{"count":2,"href":"https:\/\/netcup.cloudcoupons.org\/de\/wp-json\/wp\/v2\/pages\/431\/revisions"}],"predecessor-version":[{"id":436,"href":"https:\/\/netcup.cloudcoupons.org\/de\/wp-json\/wp\/v2\/pages\/431\/revisions\/436"}],"wp:attachment":[{"href":"https:\/\/netcup.cloudcoupons.org\/de\/wp-json\/wp\/v2\/media?parent=431"}],"curies":[{"name":"wp","href":"https:\/\/api.w.org\/{rel}","templated":true}]}}