{"id":3,"date":"2024-11-02T21:15:59","date_gmt":"2024-11-02T21:15:59","guid":{"rendered":"http:\/\/netcup-vouchers.com\/?page_id=3"},"modified":"2025-09-10T23:47:49","modified_gmt":"2025-09-10T23:47:49","slug":"datenschutzbestimmungen","status":"publish","type":"page","link":"https:\/\/netcup.cloudcoupons.org\/de\/datenschutzbestimmungen\/","title":{"rendered":"Datenschutzbestimmungen"},"content":{"rendered":"<h1 class=\"privacy-policy-h1\">\n<span>Zuletzt aktualisiert am 10-Sep-2025<\/span>\n<br><span>Datum des Inkrafttretens 11-Sep-2025<\/span>\n<\/h1>\n\n<p class=\"privacy-policy-p\">\n    Diese Datenschutzrichtlinie beschreibt die Politik von\n\n    Cloud Coupons,\n    63 Prospect Hill,\n    DOWNHEAD\n    PL15 3PH,\n    Vereinigtes K\u00f6nigreich von Gro\u00dfbritannien und Nordirland (the),\n    E-Mail: admin@netcup-vouchers.com,\n    Telefon: 078 0420 1437\n\n    \u00fcber die Sammlung,\n    Verwendung und Weitergabe Ihrer Daten, die wir bei der\n    wenn Sie unsere Website ( https:\/\/netcup.cloudcoupons.org ) nutzen.\n    (der \"Dienst\"). Durch den Zugriff auf oder die Nutzung von\n    den\n    Dienstes stimmen Sie der Erfassung, Verwendung und Weitergabe\n    Offenlegung Ihrer Informationen in \u00dcbereinstimmung mit dieser\n    Datenschutzrichtlinie. Wenn Sie damit nicht einverstanden sind,\n    bitten wir Sie, den Dienst nicht zu nutzen.\n<\/p>\n\n<p class=\"privacy-policy-p\">\n    Wir k\u00f6nnen diese Datenschutzrichtlinie jederzeit ohne vorherige\n    ohne vorherige Ank\u00fcndigung \u00e4ndern und werden die \u00fcberarbeitete\n    Datenschutzrichtlinie auf dem Dienst ver\u00f6ffentlichen. Die \u00fcberarbeitete Richtlinie wird\n    180 Tage ab dem Zeitpunkt in Kraft, an dem die\n    ge\u00e4nderte Richtlinie im Dienst ver\u00f6ffentlicht wird, und Ihr\n    Ihr fortgesetzter Zugang oder Ihre Nutzung des Dienstes nach diesem Zeitpunkt\n    akzeptieren Sie die \u00fcberarbeitete Datenschutzrichtlinie.\n    Richtlinie. Wir empfehlen daher, dass Sie diese Seite in regelm\u00e4\u00dfigen Abst\u00e4nden\n    diese Seite zu \u00fcberpr\u00fcfen.\n<\/p>\n\n<ol class=\"privacy-policy-ol\">\n    \n    \n\n    \n    \n\n    \n    <li>\n        <h2 class=\"privacy-policy-h2\">\n            Ihre Rechte:\n        <\/h2>\n        <p class=\"privacy-policy-p\">\n            Je nach geltendem Recht haben Sie unter Umst\u00e4nden\n            ein Recht auf Zugang und Berichtigung oder L\u00f6schung Ihrer\n            Daten zu erhalten oder eine Kopie Ihrer personenbezogenen\n            Daten, die Einschr\u00e4nkung oder den Widerspruch gegen die aktive\n            Verarbeitung Ihrer Daten einzuschr\u00e4nken oder zu widersprechen, die Weitergabe (Portierung)\n            Ihre pers\u00f6nlichen Daten an eine andere Stelle weiterzugeben,\n            die von Ihnen erteilte Zustimmung zur\n            Verarbeitung Ihrer Daten, das Recht, eine Beschwerde\n            bei einer gesetzlichen Beh\u00f6rde und andere Rechte\n            die nach geltendem Recht relevant sein k\u00f6nnen. Um\n            diese Rechte auszu\u00fcben, k\u00f6nnen Sie sich schriftlich an uns wenden unter\n            admin@netcup-vouchers.com.\n            Wir werden auf Ihre\n            Anfrage in \u00dcbereinstimmung mit dem geltenden Recht beantworten.\n        <\/p>\n\n        \n        <p class=\"privacy-policy-p\">\n            Bitte beachten Sie, dass wir, wenn Sie uns nicht erlauben, die\n            die erforderlichen personenbezogenen Daten zu erheben oder zu verarbeiten oder\n            die Zustimmung zur Verarbeitung f\u00fcr die erforderlichen\n            Zwecke zu verarbeiten, k\u00f6nnen Sie m\u00f6glicherweise nicht auf die\n            die Dienste, f\u00fcr die Ihre Informationen angefordert wurden\n            angefordert wurden.\n        <\/p>\n    <\/li>\n        <li>\n        <h2 class=\"privacy-policy-h2\">\n            Cookies etc.\n        <\/h2>\n        <p class=\"privacy-policy-p\">\n\n            \n            Um mehr dar\u00fcber zu erfahren, wie wir diese\n            und Ihre Wahlm\u00f6glichkeiten in Bezug auf diese Tracking\n            Technologien zu erfahren, lesen Sie bitte unsere\n            <a href=\"https:\/\/netcup.cloudcoupons.org\/de\/cookie-richtlinie\/\">Cookie-Richtlinie.<\/a>\n        <\/p>\n    <\/li>\n    \n    <li>\n        <h2 class=\"privacy-policy-h2\">\n            Sicherheit:\n        <\/h2>\n        <p class=\"privacy-policy-p\">\n            Die Sicherheit Ihrer Daten ist f\u00fcr uns wichtig\n            und wir werden angemessene Sicherheitsma\u00dfnahmen ergreifen\n            um den Verlust, den Missbrauch oder die unbefugte\n            unbefugte \u00c4nderung Ihrer Daten unter unserer\n            Kontrolle. Angesichts der inh\u00e4renten Risiken k\u00f6nnen wir jedoch\n            keine absolute Sicherheit garantieren und\n            k\u00f6nnen wir die Sicherheit der von Ihnen \u00fcbermittelten\n            Sicherheit der von Ihnen an uns \u00fcbermittelten Informationen\n            und Sie tun dies auf eigenes Risiko.\n        <\/p>\n    <\/li>\n\n    \n    <li>\n        <h2 class=\"privacy-policy-h2\">\n            Beschwerde-\/Datenschutzbeauftragter:\n        <\/h2>\n        <p class=\"privacy-policy-p\">\n            Wenn Sie Fragen oder Bedenken haben bez\u00fcglich der\n            Verarbeitung Ihrer bei uns vorhandenen Informationen\n            bei uns haben, k\u00f6nnen Sie eine E-Mail an unseren Beschwerdebeauftragten unter\n            Cloud Coupons,\n            63 Prospect Hill DOWNHEAD,\n            E-Mail: admin@netcup-vouchers.com.\n            Wir werden Ihre Bedenken in \u00dcbereinstimmung mit dem geltenden Recht behandeln.\n        <\/p>\n    <\/li>\n<\/ol>\n<p class=\"privacy-policy-p\">\n    Datenschutzrichtlinie erstellt mit  <a target=\"_blank\" href=\"https:\/\/www.cookieyes.com\/?utm_source=PP&#038;utm_medium=footer&#038;utm_campaign=UW\">CookieYes<\/a>.\n<\/p>","protected":false},"excerpt":{"rendered":"<p>Zuletzt aktualisiert am 10-Sep-2025 Inkrafttreten am 11-Sep-2025 Diese Datenschutzrichtlinie beschreibt die Richtlinien von Cloud Coupons, 63 Prospect Hill, DOWNHEAD PL15 3PH, Vereinigtes K\u00f6nigreich von Gro\u00dfbritannien und Nordirland (die), E-Mail: admin@netcup-vouchers.com, Telefon: 078 0420 1437 \u00fcber die Sammlung, Verwendung und Weitergabe Ihrer Informationen, die wir sammeln, wenn Sie unsere Website nutzen ( ... <a title=\"Datenschutzbestimmungen\" class=\"read-more\" href=\"https:\/\/netcup.cloudcoupons.org\/de\/datenschutzbestimmungen\/\" aria-label=\"Mehr Informationen zum Datenschutz\">Weiterlesen ...<\/a><\/p>","protected":false},"author":1,"featured_media":0,"parent":0,"menu_order":0,"comment_status":"closed","ping_status":"closed","template":"","meta":{"footnotes":""},"class_list":{"0":"post-3","1":"page","2":"type-page","3":"status-publish","5":"infinite-scroll-item"},"yoast_head":"<!-- This site is optimized with the Yoast SEO plugin v25.9 - https:\/\/yoast.com\/wordpress\/plugins\/seo\/ -->\n<title>Privacy Policy &#8211; Netcup Coupons \u2013 6\u20ac \/ 30\u20ac Off New G12 RS, G11 VPS and WebHosting<\/title>\n<meta name=\"robots\" content=\"index, follow, max-snippet:-1, max-image-preview:large, max-video-preview:-1\" \/>\n<link rel=\"canonical\" href=\"https:\/\/netcup.cloudcoupons.org\/de\/datenschutzbestimmungen\/\" \/>\n<meta property=\"og:locale\" content=\"de_DE\" \/>\n<meta property=\"og:type\" content=\"article\" \/>\n<meta property=\"og:title\" content=\"Privacy Policy &#8211; Netcup Coupons \u2013 6\u20ac \/ 30\u20ac Off New G12 RS, G11 VPS and WebHosting\" \/>\n<meta property=\"og:description\" content=\"Last Updated On 10-Sep-2025 Effective Date 11-Sep-2025 This Privacy Policy describes the policies of Cloud Coupons, 63 Prospect Hill, DOWNHEAD PL15 3PH, United Kingdom of Great Britain and Northern Ireland (the), email: admin@netcup-vouchers.com, phone: 078 0420 1437 on the collection, use and disclosure of your information that we collect when you use our website ( ... Weiterlesen ...\" \/>\n<meta property=\"og:url\" content=\"https:\/\/netcup.cloudcoupons.org\/de\/datenschutzbestimmungen\/\" \/>\n<meta property=\"og:site_name\" content=\"Netcup Coupons \u2013 6\u20ac \/ 30\u20ac Off New G12 RS, G11 VPS and WebHosting\" \/>\n<meta property=\"article:modified_time\" content=\"2025-09-10T23:47:49+00:00\" \/>\n<meta property=\"og:image\" content=\"https:\/\/i0.wp.com\/netcup.cloudcoupons.org\/wp-content\/uploads\/2024\/11\/cropped-shopping-cart-1.png?fit=512%2C512&ssl=1\" \/>\n\t<meta property=\"og:image:width\" content=\"512\" \/>\n\t<meta property=\"og:image:height\" content=\"512\" \/>\n\t<meta property=\"og:image:type\" content=\"image\/png\" \/>\n<meta name=\"twitter:card\" content=\"summary_large_image\" \/>\n<meta name=\"twitter:label1\" content=\"Gesch\u00e4tzte Lesezeit\" \/>\n\t<meta name=\"twitter:data1\" content=\"3\u00a0Minuten\" \/>\n<script type=\"application\/ld+json\" class=\"yoast-schema-graph\">{\"@context\":\"https:\/\/schema.org\",\"@graph\":[{\"@type\":\"WebPage\",\"@id\":\"https:\/\/netcup.cloudcoupons.org\/privacy-policy\/\",\"url\":\"https:\/\/netcup.cloudcoupons.org\/privacy-policy\/\",\"name\":\"Privacy Policy &#8211; Netcup Coupons \u2013 6\u20ac \/ 30\u20ac Off New G12 RS, G11 VPS and WebHosting\",\"isPartOf\":{\"@id\":\"https:\/\/netcup.cloudcoupons.org\/#website\"},\"datePublished\":\"2024-11-02T21:15:59+00:00\",\"dateModified\":\"2025-09-10T23:47:49+00:00\",\"breadcrumb\":{\"@id\":\"https:\/\/netcup.cloudcoupons.org\/privacy-policy\/#breadcrumb\"},\"inLanguage\":\"de\",\"potentialAction\":[{\"@type\":\"ReadAction\",\"target\":[\"https:\/\/netcup.cloudcoupons.org\/privacy-policy\/\"]}]},{\"@type\":\"BreadcrumbList\",\"@id\":\"https:\/\/netcup.cloudcoupons.org\/privacy-policy\/#breadcrumb\",\"itemListElement\":[{\"@type\":\"ListItem\",\"position\":1,\"name\":\"Home\",\"item\":\"https:\/\/netcup.cloudcoupons.org\/\"},{\"@type\":\"ListItem\",\"position\":2,\"name\":\"Privacy Policy\"}]},{\"@type\":\"WebSite\",\"@id\":\"https:\/\/netcup.cloudcoupons.org\/#website\",\"url\":\"https:\/\/netcup.cloudcoupons.org\/\",\"name\":\"Netcup Coupons \u2013 6\u20ac \/ 30\u20ac Off New G12 RS, G11 VPS and WebHosting\",\"description\":\"Save 6\u20ac on Cart or Get Free Months \u2013 Netcup New RS G12 Root Servers, VPS G11 &amp; Web Hosting Plans\",\"publisher\":{\"@id\":\"https:\/\/netcup.cloudcoupons.org\/#organization\"},\"alternateName\":\"Netcup Vouchers \u2013 6\u20ac \/ 30\u20ac Off New G12 RS, G11 VPS and WebHosting\",\"potentialAction\":[{\"@type\":\"SearchAction\",\"target\":{\"@type\":\"EntryPoint\",\"urlTemplate\":\"https:\/\/netcup.cloudcoupons.org\/?s={search_term_string}\"},\"query-input\":{\"@type\":\"PropertyValueSpecification\",\"valueRequired\":true,\"valueName\":\"search_term_string\"}}],\"inLanguage\":\"de\"},{\"@type\":\"Organization\",\"@id\":\"https:\/\/netcup.cloudcoupons.org\/#organization\",\"name\":\"Netcup Coupons \u2013 6\u20ac \/ 30\u20ac Off New G12 RS, G11 VPS and WebHosting\",\"alternateName\":\"Netcup Vouchers \u2013 6\u20ac \/ 30\u20ac Off New G12 RS, G11 VPS and WebHosting\",\"url\":\"https:\/\/netcup.cloudcoupons.org\/\",\"logo\":{\"@type\":\"ImageObject\",\"inLanguage\":\"de\",\"@id\":\"https:\/\/netcup.cloudcoupons.org\/#\/schema\/logo\/image\/\",\"url\":\"https:\/\/i0.wp.com\/netcup.cloudcoupons.org\/wp-content\/uploads\/2024\/11\/cropped-shopping-cart.png?fit=512%2C512&ssl=1\",\"contentUrl\":\"https:\/\/i0.wp.com\/netcup.cloudcoupons.org\/wp-content\/uploads\/2024\/11\/cropped-shopping-cart.png?fit=512%2C512&ssl=1\",\"width\":512,\"height\":512,\"caption\":\"Netcup Coupons \u2013 6\u20ac \/ 30\u20ac Off New G12 RS, G11 VPS and WebHosting\"},\"image\":{\"@id\":\"https:\/\/netcup.cloudcoupons.org\/#\/schema\/logo\/image\/\"}}]}<\/script>\n<!-- \/ Yoast SEO plugin. -->","yoast_head_json":{"title":"Datenschutz - Netcup Coupons - 6\u20ac \/ 30\u20ac Rabatt auf neue G12 RS, G11 VPS und WebHosting","robots":{"index":"index","follow":"follow","max-snippet":"max-snippet:-1","max-image-preview":"max-image-preview:large","max-video-preview":"max-video-preview:-1"},"canonical":"https:\/\/netcup.cloudcoupons.org\/de\/datenschutzbestimmungen\/","og_locale":"de_DE","og_type":"article","og_title":"Privacy Policy &#8211; Netcup Coupons \u2013 6\u20ac \/ 30\u20ac Off New G12 RS, G11 VPS and WebHosting","og_description":"Last Updated On 10-Sep-2025 Effective Date 11-Sep-2025 This Privacy Policy describes the policies of Cloud Coupons, 63 Prospect Hill, DOWNHEAD PL15 3PH, United Kingdom of Great Britain and Northern Ireland (the), email: admin@netcup-vouchers.com, phone: 078 0420 1437 on the collection, use and disclosure of your information that we collect when you use our website ( ... Weiterlesen ...","og_url":"https:\/\/netcup.cloudcoupons.org\/de\/datenschutzbestimmungen\/","og_site_name":"Netcup Coupons \u2013 6\u20ac \/ 30\u20ac Off New G12 RS, G11 VPS and WebHosting","article_modified_time":"2025-09-10T23:47:49+00:00","og_image":[{"width":512,"height":512,"url":"https:\/\/i0.wp.com\/netcup.cloudcoupons.org\/wp-content\/uploads\/2024\/11\/cropped-shopping-cart-1.png?fit=512%2C512&ssl=1","type":"image\/png"}],"twitter_card":"summary_large_image","twitter_misc":{"Gesch\u00e4tzte Lesezeit":"3\u00a0Minuten"},"schema":{"@context":"https:\/\/schema.org","@graph":[{"@type":"WebPage","@id":"https:\/\/netcup.cloudcoupons.org\/privacy-policy\/","url":"https:\/\/netcup.cloudcoupons.org\/privacy-policy\/","name":"Datenschutz - Netcup Coupons - 6\u20ac \/ 30\u20ac Rabatt auf neue G12 RS, G11 VPS und WebHosting","isPartOf":{"@id":"https:\/\/netcup.cloudcoupons.org\/#website"},"datePublished":"2024-11-02T21:15:59+00:00","dateModified":"2025-09-10T23:47:49+00:00","breadcrumb":{"@id":"https:\/\/netcup.cloudcoupons.org\/privacy-policy\/#breadcrumb"},"inLanguage":"de","potentialAction":[{"@type":"ReadAction","target":["https:\/\/netcup.cloudcoupons.org\/privacy-policy\/"]}]},{"@type":"BreadcrumbList","@id":"https:\/\/netcup.cloudcoupons.org\/privacy-policy\/#breadcrumb","itemListElement":[{"@type":"ListItem","position":1,"name":"Home","item":"https:\/\/netcup.cloudcoupons.org\/"},{"@type":"ListItem","position":2,"name":"Privacy Policy"}]},{"@type":"WebSite","@id":"https:\/\/netcup.cloudcoupons.org\/#website","url":"https:\/\/netcup.cloudcoupons.org\/","name":"Netcup Coupons - 6\u20ac \/ 30\u20ac Rabatt auf neue G12 RS, G11 VPS und WebHosting","description":"Sparen Sie 6\u20ac im Warenkorb oder erhalten Sie Gratismonate - Netcup Neue RS G12 Root Server, VPS G11 &amp; Webhosting-Pl\u00e4ne","publisher":{"@id":"https:\/\/netcup.cloudcoupons.org\/#organization"},"alternateName":"Netcup Vouchers \u2013 6\u20ac \/ 30\u20ac Off New G12 RS, G11 VPS and WebHosting","potentialAction":[{"@type":"SearchAction","target":{"@type":"EntryPoint","urlTemplate":"https:\/\/netcup.cloudcoupons.org\/?s={search_term_string}"},"query-input":{"@type":"PropertyValueSpecification","valueRequired":true,"valueName":"search_term_string"}}],"inLanguage":"de"},{"@type":"Organization","@id":"https:\/\/netcup.cloudcoupons.org\/#organization","name":"Netcup Coupons - 6\u20ac \/ 30\u20ac Rabatt auf neue G12 RS, G11 VPS und WebHosting","alternateName":"Netcup Vouchers \u2013 6\u20ac \/ 30\u20ac Off New G12 RS, G11 VPS and WebHosting","url":"https:\/\/netcup.cloudcoupons.org\/","logo":{"@type":"ImageObject","inLanguage":"de","@id":"https:\/\/netcup.cloudcoupons.org\/#\/schema\/logo\/image\/","url":"https:\/\/i0.wp.com\/netcup.cloudcoupons.org\/wp-content\/uploads\/2024\/11\/cropped-shopping-cart.png?fit=512%2C512&ssl=1","contentUrl":"https:\/\/i0.wp.com\/netcup.cloudcoupons.org\/wp-content\/uploads\/2024\/11\/cropped-shopping-cart.png?fit=512%2C512&ssl=1","width":512,"height":512,"caption":"Netcup Coupons \u2013 6\u20ac \/ 30\u20ac Off New G12 RS, G11 VPS and WebHosting"},"image":{"@id":"https:\/\/netcup.cloudcoupons.org\/#\/schema\/logo\/image\/"}}]}},"jetpack_sharing_enabled":true,"jetpack-related-posts":[{"id":431,"url":"https:\/\/netcup.cloudcoupons.org\/de\/cookie-richtlinie\/","url_meta":{"origin":3,"position":0},"title":"Cookie-Richtlinie","author":"zeus","date":"September 10, 2025","format":false,"excerpt":"Effective date: September 11, 2025 Last updated: September 10, 2025 \u00a0What are cookies? This Cookie Policy explains what cookies are, how we use them, the types of cookies we use (i.e., the information we collect using cookies and how that information is used), and how to manage your cookie settings.\u2026","rel":"","context":"\u00c4hnlicher Beitrag","block_context":{"text":"\u00c4hnlicher Beitrag","link":""},"img":{"alt_text":"","src":"","width":0,"height":0},"classes":[]},{"id":31,"url":"https:\/\/netcup.cloudcoupons.org\/de\/netcup-vps-gutscheine\/","url_meta":{"origin":3,"position":1},"title":"Netcup VPS-Gutscheine","author":"zeus","date":"November 2, 2024","format":false,"excerpt":"When it comes to VPS hosting, Netcup is a force to be reckoned with, offering a diverse range of powerful and affordable solutions to suit any need. From their entry-level VPS 1000 G11, perfect for small websites and applications, to the monstrous VPS 8000 G11, a true powerhouse with 16\u2026","rel":"","context":"\u00c4hnlicher Beitrag","block_context":{"text":"\u00c4hnlicher Beitrag","link":""},"img":{"alt_text":"","src":"","width":0,"height":0},"classes":[]},{"id":307,"url":"https:\/\/netcup.cloudcoupons.org\/de\/benchmarks\/","url_meta":{"origin":3,"position":2},"title":"Benchmarks","author":"zeus","date":"November 7, 2024","format":false,"excerpt":"Netcup Server Benchmarks: Unveiling the Performance Curious about the real-world performance of Netcup's servers? We've put them to the test! Below you'll find a collection of benchmark results for various Netcup VPS and Root Server offerings. These benchmarks provide valuable insights into the speed, responsiveness, and capabilities of each machine,\u2026","rel":"","context":"\u00c4hnlicher Beitrag","block_context":{"text":"\u00c4hnlicher Beitrag","link":""},"img":{"alt_text":"","src":"","width":0,"height":0},"classes":[]},{"id":33,"url":"https:\/\/netcup.cloudcoupons.org\/de\/netcup-rootserver-rs-gutscheine\/","url_meta":{"origin":3,"position":3},"title":"Netcup RootServer (RS)-Gutscheine","author":"zeus","date":"November 2, 2024","format":false,"excerpt":"Netcup stands out as a top provider for those seeking powerful and reliable dedicated root servers. Their range of options caters to everyone, from individuals needing an affordable entry-level server like the RS 1000 G11, to businesses requiring a high-performance beast like the RS 8000 G11 with its 16 dedicated\u2026","rel":"","context":"\u00c4hnlicher Beitrag","block_context":{"text":"\u00c4hnlicher Beitrag","link":""},"img":{"alt_text":"","src":"","width":0,"height":0},"classes":[]}],"_links":{"self":[{"href":"https:\/\/netcup.cloudcoupons.org\/de\/wp-json\/wp\/v2\/pages\/3","targetHints":{"allow":["GET"]}}],"collection":[{"href":"https:\/\/netcup.cloudcoupons.org\/de\/wp-json\/wp\/v2\/pages"}],"about":[{"href":"https:\/\/netcup.cloudcoupons.org\/de\/wp-json\/wp\/v2\/types\/page"}],"author":[{"embeddable":true,"href":"https:\/\/netcup.cloudcoupons.org\/de\/wp-json\/wp\/v2\/users\/1"}],"replies":[{"embeddable":true,"href":"https:\/\/netcup.cloudcoupons.org\/de\/wp-json\/wp\/v2\/comments?post=3"}],"version-history":[{"count":4,"href":"https:\/\/netcup.cloudcoupons.org\/de\/wp-json\/wp\/v2\/pages\/3\/revisions"}],"predecessor-version":[{"id":434,"href":"https:\/\/netcup.cloudcoupons.org\/de\/wp-json\/wp\/v2\/pages\/3\/revisions\/434"}],"wp:attachment":[{"href":"https:\/\/netcup.cloudcoupons.org\/de\/wp-json\/wp\/v2\/media?parent=3"}],"curies":[{"name":"wp","href":"https:\/\/api.w.org\/{rel}","templated":true}]}}